{"id":227,"date":"2020-03-20T19:07:54","date_gmt":"2020-03-20T19:07:54","guid":{"rendered":"http:\/\/retrobytes.org\/noticias\/?page_id=227"},"modified":"2020-12-29T12:59:20","modified_gmt":"2020-12-29T12:59:20","slug":"radio","status":"publish","type":"page","link":"https:\/\/retrobytes.org\/noticias\/radio\/","title":{"rendered":"RADIO"},"content":{"rendered":"\n<div class=\"wp-block-image\"><figure class=\"aligncenter is-resized\"><img loading=\"lazy\" decoding=\"async\" src=\"https:\/\/retrobytes.org\/noticias\/wp-content\/uploads\/2020\/03\/Radio_Anime.gif\" alt=\"\" class=\"wp-image-245\" width=\"312\" height=\"295\"\/><\/figure><\/div>\n\n\n\n<h2 class=\"wp-block-heading\"> <br>Bienvenidos al programa de <strong>RADIO<\/strong> de la asociaci\u00f3n <strong>RETROBYTES<\/strong>.<\/h2>\n\n\n\n<p>Con este programa queremos expresar y difundir nuestra afici\u00f3n por la inform\u00e1tica y videojuegos retro.<\/p>\n\n\n\n<p>Para ello, queremos agradecer la colaboraci\u00f3n con <strong>INTIMIDAD RADIO<\/strong> que nos permite abrir nuestra ventana los domingos a las <strong>18:00<\/strong> h (hora peninsular) en el <strong>106.4<\/strong> de la <strong>FM<\/strong> de la provincia de <strong>C\u00f3rdoba <\/strong>y alrededores.<\/p>\n\n\n\n<div class=\"wp-block-image\"><figure class=\"aligncenter is-resized\"><a href=\"http:\/\/intimidadradio.com\/\" target=\"_blank\" rel=\"noreferrer noopener\"><img loading=\"lazy\" decoding=\"async\" src=\"https:\/\/retrobytes.org\/noticias\/wp-content\/uploads\/2020\/03\/intimidadradio-1024x236.png\" alt=\"\" class=\"wp-image-238\" width=\"256\" height=\"59\" srcset=\"https:\/\/retrobytes.org\/noticias\/wp-content\/uploads\/2020\/03\/intimidadradio-1024x236.png 1024w, https:\/\/retrobytes.org\/noticias\/wp-content\/uploads\/2020\/03\/intimidadradio-300x69.png 300w, https:\/\/retrobytes.org\/noticias\/wp-content\/uploads\/2020\/03\/intimidadradio-768x177.png 768w, https:\/\/retrobytes.org\/noticias\/wp-content\/uploads\/2020\/03\/intimidadradio-660x152.png 660w, https:\/\/retrobytes.org\/noticias\/wp-content\/uploads\/2020\/03\/intimidadradio.png 1300w\" sizes=\"auto, (max-width: 256px) 100vw, 256px\" \/><\/a><\/figure><\/div>\n\n\n\n<p>Pero \u00bfy si no vives cerca? Pues para ello, hemos creado un canal a trav\u00e9s de la plataforma <strong>IVOOX <\/strong>donde vamos subiendo los programas que vamos realizando.<\/p>\n\n\n\n<p class=\"has-text-align-center\"><a href=\"https:\/\/www.ivoox.com\/podcast-retrobytes-radio_sq_f1653900_1.html\">https:\/\/www.ivoox.com\/podcast-retrobytes-radio_sq_f1653900_1.html<\/a><\/p>\n\n\n\n<p>Agradecemos vuestras opiniones y cr\u00edticas. Para ello hemos habilitado la siguiente web de contacto, solo tienes que pinchar en el dibujo de abajo para enviarnos un mensaje \u00a1\u00a1\u00a1ESPERAMOS VUESTROS MENSAJES!!!<\/p>\n\n\n\n<div class=\"wp-block-image\"><figure class=\"aligncenter is-resized\"><a href=\"http:\/\/retrobytes.org\/comentario_radio.html\"><img loading=\"lazy\" decoding=\"async\" src=\"https:\/\/retrobytes.org\/noticias\/wp-content\/uploads\/2020\/03\/mesaj-png-7.png\" alt=\"\" class=\"wp-image-249\" width=\"256\" height=\"256\" srcset=\"https:\/\/retrobytes.org\/noticias\/wp-content\/uploads\/2020\/03\/mesaj-png-7.png 512w, https:\/\/retrobytes.org\/noticias\/wp-content\/uploads\/2020\/03\/mesaj-png-7-150x150.png 150w, https:\/\/retrobytes.org\/noticias\/wp-content\/uploads\/2020\/03\/mesaj-png-7-300x300.png 300w\" sizes=\"auto, (max-width: 256px) 100vw, 256px\" \/><\/a><figcaption>ENVIAR COMENTARIO<\/figcaption><\/figure><\/div>\n\n\n\n<p>Y aqu\u00ed te dejamos los audios para que puedas disfrutar de ellos. Muchas gracias!!!<\/p>\n\n\n\n<p><strong><em>TEMPORADA 3:<\/em><\/strong><\/p>\n\n\n\n<iframe id='audio_63054407' frameborder='0' allowfullscreen='' scrolling='no' height='200' style='border:1px solid #EEE; box-sizing:border-box; width:100%;' src=\"https:\/\/www.ivoox.com\/player_ej_63054407_4_1.html?c1=ff6600\"><\/iframe>\n\n\n\n<iframe id='audio_62273253' frameborder='0' allowfullscreen='' scrolling='no' height='200' style='border:1px solid #EEE; box-sizing:border-box; width:100%;' src=\"https:\/\/www.ivoox.com\/player_ej_62273253_4_1.html?c1=ff6600\"><\/iframe>\n\n\n\n<iframe id='audio_61084468' frameborder='0' allowfullscreen='' scrolling='no' height='200' style='border:1px solid #EEE; box-sizing:border-box; width:100%;' src=\"https:\/\/www.ivoox.com\/player_ej_61084468_4_1.html?c1=ff6600\"><\/iframe>\n\n\n\n<iframe id='audio_60764559' frameborder='0' allowfullscreen='' scrolling='no' height='200' style='border:1px solid #EEE; box-sizing:border-box; width:100%;' src=\"https:\/\/www.ivoox.com\/player_ej_60764559_4_1.html?c1=ff6600\"><\/iframe>\n\n\n\n<iframe id=\"audio_60421970\" frameborder=\"0\" allowfullscreen=\"\" scrolling=\"no\" height=\"200\" style=\"border:1px solid #EEE; box-sizing:border-box; width:100%;\" src=\"https:\/\/www.ivoox.com\/player_ej_60421970_4_1.html?c1=ff6600\"><\/iframe>\n\n\n\n<iframe id=\"audio_60073032\" frameborder=\"0\" allowfullscreen=\"\" scrolling=\"no\" height=\"200\" style=\"border:1px solid #EEE; box-sizing:border-box; width:100%;\" src=\"https:\/\/www.ivoox.com\/player_ej_60073032_4_1.html?c1=ff6600\"><\/iframe>\n\n\n\n<iframe id=\"audio_59087715\" frameborder=\"0\" allowfullscreen=\"\" scrolling=\"no\" height=\"200\" style=\"border:1px solid #EEE; box-sizing:border-box; width:100%;\" src=\"https:\/\/www.ivoox.com\/player_ej_59087715_4_1.html?c1=ff6600\"><\/iframe>\n\n\n\n<p><\/p>\n\n\n\n<p><strong><em>TEMPORADA 2:<\/em><\/strong><\/p>\n\n\n\n<iframe id=\"audio_56447827\" frameborder=\"0\" allowfullscreen=\"\" scrolling=\"no\" height=\"200\" style=\"border:1px solid #EEE; box-sizing:border-box; width:100%;\" src=\"https:\/\/www.ivoox.com\/player_ej_56447827_4_1.html?c1=ff6600\"><\/iframe>\n\n\n\n<iframe id=\"audio_55257093\" frameborder=\"0\" allowfullscreen=\"\" scrolling=\"no\" height=\"200\" style=\"border:1px solid #EEE; box-sizing:border-box; width:100%;\" src=\"https:\/\/www.ivoox.com\/player_ej_55257093_4_1.html?c1=ff6600\"><\/iframe>\n\n\n\n<iframe id=\"audio_54706986\" frameborder=\"0\" allowfullscreen=\"\" scrolling=\"no\" height=\"200\" style=\"border:1px solid #EEE; box-sizing:border-box; width:100%;\" src=\"https:\/\/www.ivoox.com\/player_ej_54706986_4_1.html?c1=ff6600\"><\/iframe>\n\n\n\n<iframe id=\"audio_51123663\" frameborder=\"0\" allowfullscreen=\"\" scrolling=\"no\" height=\"200\" style=\"border:1px solid #EEE; box-sizing:border-box; width:100%;\" src=\"https:\/\/www.ivoox.com\/player_ej_51123663_4_1.html?c1=ff6600\"><\/iframe>\n\n\n\n<iframe id=\"audio_48689651\" frameborder=\"0\" allowfullscreen=\"\" scrolling=\"no\" height=\"200\" style=\"border:1px solid #EEE; box-sizing:border-box; width:100%;\" src=\"https:\/\/www.ivoox.com\/player_ej_48689651_4_1.html?c1=ff6600\"><\/iframe>\n\n\n\n<iframe id=\"audio_47502761\" frameborder=\"0\" allowfullscreen=\"\" scrolling=\"no\" height=\"200\" style=\"border:1px solid #EEE; box-sizing:border-box; width:100%;\" src=\"https:\/\/www.ivoox.com\/player_ej_47502761_4_1.html?c1=ff6600\"><\/iframe>\n\n\n\n<iframe id=\"audio_45474688\" frameborder=\"0\" allowfullscreen=\"\" scrolling=\"no\" height=\"200\" style=\"border:1px solid #EEE; box-sizing:border-box; width:100%;\" src=\"https:\/\/www.ivoox.com\/player_ej_45474688_4_1.html?c1=ff6600\"><\/iframe>\n\n\n\n<iframe id=\"audio_45205535\" frameborder=\"0\" allowfullscreen=\"\" scrolling=\"no\" height=\"200\" style=\"border:1px solid #EEE; box-sizing:border-box; width:100%;\" src=\"https:\/\/www.ivoox.com\/player_ej_45205535_4_1.html?c1=ff6600\"><\/iframe>\n\n\n\n<iframe id=\"audio_44938265\" frameborder=\"0\" allowfullscreen=\"\" scrolling=\"no\" height=\"200\" style=\"border:1px solid #EEE; box-sizing:border-box; width:100%;\" src=\"https:\/\/www.ivoox.com\/player_ej_44938265_4_1.html?c1=ff6600\"><\/iframe>\n\n\n\n<iframe id=\"audio_44666179\" frameborder=\"0\" allowfullscreen=\"\" scrolling=\"no\" height=\"200\" style=\"border:1px solid #EEE; box-sizing:border-box; width:100%;\" src=\"https:\/\/www.ivoox.com\/player_ej_44666179_4_1.html?c1=ff6600\"><\/iframe>\n\n\n\n<iframe id=\"audio_44394942\" frameborder=\"0\" allowfullscreen=\"\" scrolling=\"no\" height=\"200\" style=\"border:1px solid #EEE; box-sizing:border-box; width:100%;\" src=\"https:\/\/www.ivoox.com\/player_ej_44394942_4_1.html?c1=ff6600\"><\/iframe>\n\n\n\n<p><\/p>\n\n\n\n<p><strong><em>TEMPORADA 1:<\/em><\/strong><\/p>\n\n\n\n<iframe id=\"audio_37778634\" frameborder=\"0\" allowfullscreen=\"\" scrolling=\"no\" height=\"200\" style=\"border:1px solid #EEE; box-sizing:border-box; width:100%;\" src=\"https:\/\/www.ivoox.com\/player_ej_37778634_4_1.html?c1=ff6600\"><\/iframe>\n\n\n\n<iframe id=\"audio_37463451\" frameborder=\"0\" allowfullscreen=\"\" scrolling=\"no\" height=\"200\" style=\"border:1px solid #EEE; box-sizing:border-box; width:100%;\" src=\"https:\/\/www.ivoox.com\/player_ej_37463451_4_1.html?c1=ff6600\"><\/iframe>\n\n\n\n<iframe id=\"audio_37158797\" frameborder=\"0\" allowfullscreen=\"\" scrolling=\"no\" height=\"200\" style=\"border:1px solid #EEE; box-sizing:border-box; width:100%;\" src=\"https:\/\/www.ivoox.com\/player_ej_37158797_4_1.html?c1=ff6600\"><\/iframe>\n\n\n\n<iframe id=\"audio_36860196\" frameborder=\"0\" allowfullscreen=\"\" scrolling=\"no\" height=\"200\" style=\"border:1px solid #EEE; box-sizing:border-box; width:100%;\" src=\"https:\/\/www.ivoox.com\/player_ej_36860196_4_1.html?c1=ff6600\"><\/iframe>\n\n\n\n<iframe id=\"audio_36587623\" frameborder=\"0\" allowfullscreen=\"\" scrolling=\"no\" height=\"200\" style=\"border:1px solid #EEE; box-sizing:border-box; width:100%;\" src=\"https:\/\/www.ivoox.com\/player_ej_36587623_4_1.html?c1=ff6600\"><\/iframe>\n\n\n\n<iframe id=\"audio_36339032\" frameborder=\"0\" allowfullscreen=\"\" scrolling=\"no\" height=\"200\" style=\"border:1px solid #EEE; box-sizing:border-box; width:100%;\" src=\"https:\/\/www.ivoox.com\/player_ej_36339032_4_1.html?c1=ff6600\"><\/iframe>\n\n\n\n<iframe id=\"audio_36058601\" frameborder=\"0\" allowfullscreen=\"\" scrolling=\"no\" height=\"200\" style=\"border:1px solid #EEE; box-sizing:border-box; width:100%;\" src=\"https:\/\/www.ivoox.com\/player_ej_36058601_4_1.html?c1=ff6600\"><\/iframe>\n\n\n\n<iframe id=\"audio_35710494\" frameborder=\"0\" allowfullscreen=\"\" scrolling=\"no\" height=\"200\" style=\"border:1px solid #EEE; box-sizing:border-box; width:100%;\" src=\"https:\/\/www.ivoox.com\/player_ej_35710494_4_1.html?c1=ff6600\"><\/iframe>\n\n\n\n<iframe id=\"audio_35391251\" frameborder=\"0\" allowfullscreen=\"\" scrolling=\"no\" height=\"200\" style=\"border:1px solid #EEE; box-sizing:border-box; width:100%;\" src=\"https:\/\/www.ivoox.com\/player_ej_35391251_4_1.html?c1=ff6600\"><\/iframe>\n\n\n\n<iframe id=\"audio_35044835\" frameborder=\"0\" allowfullscreen=\"\" scrolling=\"no\" height=\"200\" style=\"border:1px solid #EEE; box-sizing:border-box; width:100%;\" src=\"https:\/\/www.ivoox.com\/player_ej_35044835_4_1.html?c1=ff6600\"><\/iframe>\n\n\n\n<iframe id=\"audio_34736350\" frameborder=\"0\" allowfullscreen=\"\" scrolling=\"no\" height=\"200\" style=\"border:1px solid #EEE; box-sizing:border-box; width:100%;\" src=\"https:\/\/www.ivoox.com\/player_ej_34736350_4_1.html?c1=ff6600\"><\/iframe>\n\n\n\n<iframe id=\"audio_34452902\" frameborder=\"0\" allowfullscreen=\"\" scrolling=\"no\" height=\"200\" style=\"border:1px solid #EEE; box-sizing:border-box; width:100%;\" src=\"https:\/\/www.ivoox.com\/player_ej_34452902_4_1.html?c1=ff6600\"><\/iframe>\n\n\n\n<iframe id=\"audio_34164296\" frameborder=\"0\" allowfullscreen=\"\" scrolling=\"no\" height=\"200\" style=\"border:1px solid #EEE; box-sizing:border-box; width:100%;\" src=\"https:\/\/www.ivoox.com\/player_ej_34164296_4_1.html?c1=ff6600\"><\/iframe>\n\n\n\n<iframe id=\"audio_33888957\" frameborder=\"0\" allowfullscreen=\"\" scrolling=\"no\" height=\"200\" style=\"border:1px solid #EEE; box-sizing:border-box; width:100%;\" src=\"https:\/\/www.ivoox.com\/player_ej_33888957_4_1.html?c1=ff6600\"><\/iframe>\n\n\n\n<iframe id=\"audio_33668910\" frameborder=\"0\" allowfullscreen=\"\" scrolling=\"no\" height=\"200\" style=\"border:1px solid #EEE; box-sizing:border-box; width:100%;\" src=\"https:\/\/www.ivoox.com\/player_ej_33668910_4_1.html?c1=ff6600\"><\/iframe>\n\n\n\n<iframe id=\"audio_33448899\" frameborder=\"0\" allowfullscreen=\"\" scrolling=\"no\" height=\"200\" style=\"border:1px solid #EEE; box-sizing:border-box; width:100%;\" src=\"https:\/\/www.ivoox.com\/player_ej_33448899_4_1.html?c1=ff6600\"><\/iframe>\n\n\n\n<iframe id=\"audio_33239119\" frameborder=\"0\" allowfullscreen=\"\" scrolling=\"no\" height=\"200\" style=\"border:1px solid #EEE; box-sizing:border-box; width:100%;\" src=\"https:\/\/www.ivoox.com\/player_ej_33239119_4_1.html?c1=ff6600\"><\/iframe>\n\n\n\n<iframe id=\"audio_33021893\" frameborder=\"0\" allowfullscreen=\"\" scrolling=\"no\" height=\"200\" style=\"border:1px solid #EEE; box-sizing:border-box; width:100%;\" src=\"https:\/\/www.ivoox.com\/player_ej_33021893_4_1.html?c1=ff6600\"><\/iframe>\n\n\n\n<iframe id=\"audio_32802473\" frameborder=\"0\" allowfullscreen=\"\" scrolling=\"no\" height=\"200\" style=\"border:1px solid #EEE; box-sizing:border-box; width:100%;\" src=\"https:\/\/www.ivoox.com\/player_ej_32802473_4_1.html?c1=ff6600\"><\/iframe>\n\n\n\n<iframe id=\"audio_32620558\" frameborder=\"0\" allowfullscreen=\"\" scrolling=\"no\" height=\"200\" style=\"border:1px solid #EEE; box-sizing:border-box; width:100%;\" src=\"https:\/\/www.ivoox.com\/player_ej_32620558_4_1.html?c1=ff6600\"><\/iframe>\n\n\n\n<iframe id=\"audio_32417989\" frameborder=\"0\" allowfullscreen=\"\" scrolling=\"no\" height=\"200\" style=\"border:1px solid #EEE; box-sizing:border-box; width:100%;\" src=\"https:\/\/www.ivoox.com\/player_ej_32417989_4_1.html?c1=ff6600\"><\/iframe>\n\n\n\n<iframe id=\"audio_32193570\" frameborder=\"0\" allowfullscreen=\"\" scrolling=\"no\" height=\"200\" style=\"border:1px solid #EEE; box-sizing:border-box; width:100%;\" src=\"https:\/\/www.ivoox.com\/player_ej_32193570_4_1.html?c1=ff6600\"><\/iframe>\n\n\n\n<iframe id=\"audio_31841320\" frameborder=\"0\" allowfullscreen=\"\" scrolling=\"no\" height=\"200\" style=\"border:1px solid #EEE; box-sizing:border-box; width:100%;\" src=\"https:\/\/www.ivoox.com\/player_ej_31841320_4_1.html?c1=ff6600\"><\/iframe>\n\n\n\n<iframe id=\"audio_31709920\" frameborder=\"0\" allowfullscreen=\"\" scrolling=\"no\" height=\"200\" style=\"border:1px solid #EEE; box-sizing:border-box; width:100%;\" src=\"https:\/\/www.ivoox.com\/player_ej_31709920_4_1.html?c1=ff6600\"><\/iframe>\n\n\n\n<iframe id=\"audio_31624135\" frameborder=\"0\" allowfullscreen=\"\" scrolling=\"no\" height=\"200\" style=\"border:1px solid #EEE; box-sizing:border-box; width:100%;\" src=\"https:\/\/www.ivoox.com\/player_ej_31624135_4_1.html?c1=ff6600\"><\/iframe>\n\n\n\n<h2 class=\"wp-block-heading\">Muchas gracias por escucharnos!!!<\/h2>\n","protected":false},"excerpt":{"rendered":"<p>Bienvenidos al programa de RADIO de la asociaci\u00f3n RETROBYTES. Con este programa queremos expresar y difundir nuestra afici\u00f3n por la inform\u00e1tica y videojuegos retro. Para ello, queremos agradecer la colaboraci\u00f3n con INTIMIDAD RADIO que nos permite abrir nuestra ventana los domingos a las 18:00 h (hora peninsular) en el 106.4 de la FM de la&#8230; <a class=\"moretag\" href=\"https:\/\/retrobytes.org\/noticias\/radio\/\">Continuar leyendo &raquo;<\/a><\/p>\n","protected":false},"author":1,"featured_media":228,"parent":0,"menu_order":0,"comment_status":"closed","ping_status":"closed","template":"","meta":{"_exactmetrics_skip_tracking":false,"_exactmetrics_sitenote_active":false,"_exactmetrics_sitenote_note":"","_exactmetrics_sitenote_category":0,"footnotes":""},"class_list":["post-227","page","type-page","status-publish","has-post-thumbnail","hentry"],"_links":{"self":[{"href":"https:\/\/retrobytes.org\/noticias\/wp-json\/wp\/v2\/pages\/227","targetHints":{"allow":["GET"]}}],"collection":[{"href":"https:\/\/retrobytes.org\/noticias\/wp-json\/wp\/v2\/pages"}],"about":[{"href":"https:\/\/retrobytes.org\/noticias\/wp-json\/wp\/v2\/types\/page"}],"author":[{"embeddable":true,"href":"https:\/\/retrobytes.org\/noticias\/wp-json\/wp\/v2\/users\/1"}],"replies":[{"embeddable":true,"href":"https:\/\/retrobytes.org\/noticias\/wp-json\/wp\/v2\/comments?post=227"}],"version-history":[{"count":29,"href":"https:\/\/retrobytes.org\/noticias\/wp-json\/wp\/v2\/pages\/227\/revisions"}],"predecessor-version":[{"id":327,"href":"https:\/\/retrobytes.org\/noticias\/wp-json\/wp\/v2\/pages\/227\/revisions\/327"}],"wp:featuredmedia":[{"embeddable":true,"href":"https:\/\/retrobytes.org\/noticias\/wp-json\/wp\/v2\/media\/228"}],"wp:attachment":[{"href":"https:\/\/retrobytes.org\/noticias\/wp-json\/wp\/v2\/media?parent=227"}],"curies":[{"name":"wp","href":"https:\/\/api.w.org\/{rel}","templated":true}]}}