{"id":93,"date":"2017-09-12T23:02:19","date_gmt":"2017-09-12T23:02:19","guid":{"rendered":"http:\/\/retrobytes.org\/noticias\/?page_id=93"},"modified":"2017-10-24T23:37:02","modified_gmt":"2017-10-24T23:37:02","slug":"quienes-somos","status":"publish","type":"page","link":"https:\/\/retrobytes.org\/noticias\/quienes-somos\/","title":{"rendered":"Quienes somos"},"content":{"rendered":"<p><span style=\"color: #0000ff;\"><strong><img loading=\"lazy\" decoding=\"async\" class=\"size-medium alignleft\" src=\"http:\/\/retrobytes.org\/images\/sprite1.png\" width=\"48\" height=\"45\" \/><\/strong><\/span><\/p>\n<p><span style=\"color: #333399;\"><strong>Retrobytes C\u00f3rdoba<\/strong><\/span> est\u00e1 formada por un grupo de amigos amantes de los videojuegos cl\u00e1sicos que fundaron dicha Asociaci\u00f3n Sin \u00c1nimo de Lucro para proteger el legado cultural y de ocio de una \u00e9poca que nos encanta. Estamos inscritos legalmente en el Registro de Asociaciones de Andaluc\u00eda.<\/p>\n<p>Aunque fue fundada en el a\u00f1o 2013, la mayor\u00eda de socios tiene un largo recorrido en el mundo de los arcades, videoconsolas, as\u00ed como en<img loading=\"lazy\" decoding=\"async\" class=\"size-medium alignright\" src=\"http:\/\/retrobytes.org\/images\/sprite2.png\" width=\"17\" height=\"26\" \/> computadoras y microordenadores desde sus inicios hasta ahora.<\/p>\n<p><img loading=\"lazy\" decoding=\"async\" class=\"size-medium alignleft\" src=\"http:\/\/retrobytes.org\/images\/sprite3.png\" width=\"39\" height=\"41\" \/>Los objetivos de la asociaci\u00f3n pueden resumirse en:<\/p>\n<ul>\n<li>Evitar que cualquier tipo y forma de videojuego cl\u00e1sico (antiguo) se pierda o destruya, intencionalmente o por dejadez, con cierto \u00e9nfasis en las m\u00e1quinas recreativas de v\u00eddeo y pinballs, que por su naturaleza y entorno son especialmente vulnerables y maltratadas.<\/li>\n<li>Todo lo que se consiga encontrar ser\u00e1 restaurado y puesto en exposiciones que se har\u00e1n anualmente o de manera bienal (seg\u00fan la disponibilidad).<\/li>\n<li>Dichas exposiciones ser\u00e1n gratuitas, para difundir y rememorar la \u00e9poca dorada de los videojuegos, intentando que tanto mayores como peque\u00f1os puedan volver a encontrar el encanto que tienen este tipo de juegos.<\/li>\n<li>Contactar con todo aquel que, como nosotros, desea preservar y necesite o aporte conocimiento al grupo.<\/li>\n<li>Y, sobre todo, divertirnos ya sea jugando a esos juegos de nuestra infancia o arreglando y reparando m\u00e1quinas que no han tenido una vida digna en el pasado.<\/li>\n<\/ul>\n<p>Adem\u00e1s, mantenemos la web de noticias para difundir y comentar las actividades que se van organizando y disponemos de un foro privado (solo con acceso a socios): <a href=\"http:\/\/www.retrobytes.org\/socios\">http:\/\/www.retrobytes.org\/socios<\/a><\/p>\n<p><span style=\"color: #0000ff;\"><em><span style=\"color: #333399;\">\u00bfQuieres apuntarte?<\/span><img loading=\"lazy\" decoding=\"async\" class=\"size-medium alignright\" src=\"http:\/\/retrobytes.org\/images\/sprite4.png\" width=\"31\" height=\"34\" \/><\/em><\/span><\/p>\n<p>Las exposiciones de RETROBYTES son abiertas al p\u00fablico y a cualquier persona que quiera disfrutar de un rato jugando. Pero hacerse asociad@ de nuestra asociaci\u00f3n tiene alguna ventaja m\u00e1s:<\/p>\n<ul>\n<li>Disfrutar de las quedadas de \u201ccacharreo\u201d tanto para juego como para reparaci\u00f3n de equipos que se van realizando de forma intermitente (seg\u00fan la disponibilidad).<\/li>\n<li>Contribuir con los eventos anuales.<\/li>\n<li>Colaborar en la elaboraci\u00f3n de nuestra web.<\/li>\n<li>Y m\u00e1s cosas que van surgiendo con el paso del tiempo \ud83d\ude09<\/li>\n<\/ul>\n<p>Para m\u00e1s informaci\u00f3n, contacta<strong> <a href=\"http:\/\/retrobytes.org\/alta.html\">AQU\u00cd<\/a><\/strong> con nosotros.<\/p>\n","protected":false},"excerpt":{"rendered":"<p>Retrobytes C\u00f3rdoba est\u00e1 formada por un grupo de amigos amantes de los videojuegos cl\u00e1sicos que fundaron dicha Asociaci\u00f3n Sin \u00c1nimo de Lucro para proteger el legado cultural y de ocio de una \u00e9poca que nos encanta. Estamos inscritos legalmente en el Registro de Asociaciones de Andaluc\u00eda. Aunque fue fundada en el a\u00f1o 2013, la mayor\u00eda&#8230; <a class=\"moretag\" href=\"https:\/\/retrobytes.org\/noticias\/quienes-somos\/\">Continuar leyendo &raquo;<\/a><\/p>\n","protected":false},"author":1,"featured_media":0,"parent":0,"menu_order":0,"comment_status":"closed","ping_status":"closed","template":"","meta":{"_exactmetrics_skip_tracking":false,"_exactmetrics_sitenote_active":false,"_exactmetrics_sitenote_note":"","_exactmetrics_sitenote_category":0,"footnotes":""},"class_list":["post-93","page","type-page","status-publish","hentry"],"_links":{"self":[{"href":"https:\/\/retrobytes.org\/noticias\/wp-json\/wp\/v2\/pages\/93","targetHints":{"allow":["GET"]}}],"collection":[{"href":"https:\/\/retrobytes.org\/noticias\/wp-json\/wp\/v2\/pages"}],"about":[{"href":"https:\/\/retrobytes.org\/noticias\/wp-json\/wp\/v2\/types\/page"}],"author":[{"embeddable":true,"href":"https:\/\/retrobytes.org\/noticias\/wp-json\/wp\/v2\/users\/1"}],"replies":[{"embeddable":true,"href":"https:\/\/retrobytes.org\/noticias\/wp-json\/wp\/v2\/comments?post=93"}],"version-history":[{"count":9,"href":"https:\/\/retrobytes.org\/noticias\/wp-json\/wp\/v2\/pages\/93\/revisions"}],"predecessor-version":[{"id":140,"href":"https:\/\/retrobytes.org\/noticias\/wp-json\/wp\/v2\/pages\/93\/revisions\/140"}],"wp:attachment":[{"href":"https:\/\/retrobytes.org\/noticias\/wp-json\/wp\/v2\/media?parent=93"}],"curies":[{"name":"wp","href":"https:\/\/api.w.org\/{rel}","templated":true}]}}